{"id":4798,"date":"2026-03-06T10:58:35","date_gmt":"2026-03-06T10:58:35","guid":{"rendered":"https:\/\/km-trade.ba\/?page_id=4798"},"modified":"2026-03-06T15:51:01","modified_gmt":"2026-03-06T15:51:01","slug":"polica-privatnosti","status":"publish","type":"page","link":"https:\/\/km-trade.ba\/en\/polica-privatnosti\/","title":{"rendered":"Privacy Policy"},"content":{"rendered":"\t\t<div data-elementor-type=\"wp-page\" data-elementor-id=\"4798\" class=\"elementor elementor-4798\" data-elementor-post-type=\"page\">\n\t\t\t\t<div class=\"elementor-element elementor-element-754492a e-con-full e-flex e-con e-parent\" data-id=\"754492a\" data-element_type=\"container\" data-e-type=\"container\">\n\t\t\t\t<div class=\"elementor-element elementor-element-cc2a3cd elementor-widget__width-inherit elementor-widget elementor-widget-ucaddon_breadcrumbs_widget\" data-id=\"cc2a3cd\" data-element_type=\"widget\" data-e-type=\"widget\" data-widget_type=\"ucaddon_breadcrumbs_widget.default\">\n\t\t\t\t<div class=\"elementor-widget-container\">\n\t\t\t\t\t\n<!-- start Breadcrumbs -->\n\t\t<link id='font-awesome-css' href='https:\/\/km-trade.ba\/wp-content\/plugins\/unlimited-elements-for-elementor-premium\/assets_libraries\/font-awesome6\/fontawesome-all.min.css' type='text\/css' rel='stylesheet' >\n\t\t<link id='font-awesome-4-shim-css' href='https:\/\/km-trade.ba\/wp-content\/plugins\/unlimited-elements-for-elementor-premium\/assets_libraries\/font-awesome6\/fontawesome-v4-shims.min.css' type='text\/css' rel='stylesheet' >\n\n<style>\/* widget: Breadcrumbs *\/\n\n#uc_breadcrumbs_widget_elementor_cc2a3cd .uc-breadcrumbs-list {\n  margin: 0;\n  padding: 0;\n  display: flex;\n  flex-wrap: wrap;\n}\n#uc_breadcrumbs_widget_elementor_cc2a3cd .uc-breadcrumbs-list li {\n  display: flex;\n  align-items: center;\n  list-style-type: none;\n}\n#uc_breadcrumbs_widget_elementor_cc2a3cd .uc-item-title {\n    position: relative;\n    display: inline-flex;\n    justify-content: center;\n    align-items: center;\n}\n#uc_breadcrumbs_widget_elementor_cc2a3cd .uc-item-title-inner{\n  display: flex;\n  align-items: center;\n}\n\n\n\n  #uc_breadcrumbs_widget_elementor_cc2a3cd .ue-home-icon{\n    display:flex;\n    align-items:center;\n    justify-content:center;\n  }\n  #uc_breadcrumbs_widget_elementor_cc2a3cd .ue-home-icon svg{\n    width:1em;\n    height:1em;\n  }\n\n\n\n\n<\/style>\n\n\n    \t\n            <div id=\"uc_breadcrumbs_widget_elementor_cc2a3cd\" class=\"uc-breadcrumbs\">\n            <ul class=\"uc-breadcrumbs-list default\">\n                                                            <li class=\"uc-breadcrumb-item\">\n                            <a href=\"https:\/\/km-trade.ba\/en\/\" class=\"uc-item-title\">\n                              <span class=\"uc-item-title-inner\">\n                                                                <span class=\"ue-home-icon\"><i class='fas fa-home'><\/i><\/span>                                Po\u010detna\n                              <\/span>\n                            <\/a>\n                                                    <\/li>              \t\t    \n                                                <\/ul>\n        <\/div>\n\n            \n          <script type=\"application\/ld+json\">\n          {\n            \"@context\": \"https:\/\/schema.org\",\n            \"@type\": \"BreadcrumbList\",\n            \"itemListElement\": [\n                                                {\n                    \"@type\": \"ListItem\",\n                    \"position\": 1,\n                    \"name\": \"Po\u010detna\",\n                    \"item\": \"https:\/\/km-trade.ba\/en\/\"\n                  },\n                                          ]\n          }\n          <\/script>\n            \n<!-- end Breadcrumbs -->\t\t\t\t<\/div>\n\t\t\t\t<\/div>\n\t\t\t\t<\/div>\n\t\t<div class=\"elementor-element elementor-element-6b8eaa3 e-con-full e-flex e-con e-parent\" data-id=\"6b8eaa3\" data-element_type=\"container\" data-e-type=\"container\">\n\t\t\t\t<div class=\"elementor-element elementor-element-1883058 elementor-widget elementor-widget-heading\" data-id=\"1883058\" data-element_type=\"widget\" data-e-type=\"widget\" data-widget_type=\"heading.default\">\n\t\t\t\t\t<h2 class=\"elementor-heading-title elementor-size-default\">KM TRADE<\/h2>\t\t\t\t<\/div>\n\t\t\t\t<div class=\"elementor-element elementor-element-dda299e elementor-widget elementor-widget-heading\" data-id=\"dda299e\" data-element_type=\"widget\" data-e-type=\"widget\" data-widget_type=\"heading.default\">\n\t\t\t\t\t<h3 class=\"elementor-heading-title elementor-size-default\">POLITIKA PRIVATNOSTI<\/h3>\t\t\t\t<\/div>\n\t\t\t\t<div class=\"elementor-element elementor-element-6323eb0 elementor-widget elementor-widget-heading\" data-id=\"6323eb0\" data-element_type=\"widget\" data-e-type=\"widget\" data-widget_type=\"heading.default\">\n\t\t\t\t\t<h4 class=\"elementor-heading-title elementor-size-default\">1. Op\u0107e informacije<\/h4>\t\t\t\t<\/div>\n\t\t\t\t<div class=\"elementor-element elementor-element-9f392fa elementor-widget elementor-widget-text-editor\" data-id=\"9f392fa\" data-element_type=\"widget\" data-e-type=\"widget\" data-widget_type=\"text-editor.default\">\n\t\t\t\t\t\t\t\t\t<p data-start=\"350\" data-end=\"481\">KM Trade po\u0161tuje privatnost svojih korisnika i obavezuje se da \u0107e \u0161tititi li\u010dne podatke koji se prikupljaju putem ove web stranice.<\/p><p data-start=\"483\" data-end=\"649\">Ova Politika privatnosti obja\u0161njava na koji na\u010din prikupljamo, koristimo i \u0161titimo li\u010dne podatke korisnika koji posje\u0107uju na\u0161u web stranicu ili koriste kontakt formu.<\/p><p data-start=\"651\" data-end=\"798\">Kori\u0161tenjem ove web stranice potvr\u0111ujete da ste upoznati sa ovom Politikom privatnosti i da prihvatate na\u010din obrade podataka koji je u njoj opisan.<\/p>\t\t\t\t\t\t\t\t<\/div>\n\t\t\t\t<div class=\"elementor-element elementor-element-91f4275 elementor-widget elementor-widget-heading\" data-id=\"91f4275\" data-element_type=\"widget\" data-e-type=\"widget\" data-widget_type=\"heading.default\">\n\t\t\t\t\t<h4 class=\"elementor-heading-title elementor-size-default\">2. Koje podatke prikupljamo<\/h4>\t\t\t\t<\/div>\n\t\t\t\t<div class=\"elementor-element elementor-element-200dc55 elementor-widget elementor-widget-text-editor\" data-id=\"200dc55\" data-element_type=\"widget\" data-e-type=\"widget\" data-widget_type=\"text-editor.default\">\n\t\t\t\t\t\t\t\t\t<p data-start=\"838\" data-end=\"926\">Prilikom kori\u0161tenja web stranice mo\u017eemo prikupljati odre\u0111ene li\u010dne podatke, uklju\u010duju\u0107i:<\/p><ul data-start=\"928\" data-end=\"1073\"><li data-section-id=\"a5je58\" data-start=\"928\" data-end=\"945\"><p data-start=\"930\" data-end=\"945\">ime i prezime<\/p><\/li><li data-section-id=\"1g044d\" data-start=\"946\" data-end=\"963\"><p data-start=\"948\" data-end=\"963\">e-mail adresu<\/p><\/li><li data-section-id=\"1p9wfer\" data-start=\"964\" data-end=\"981\"><p data-start=\"966\" data-end=\"981\">broj telefona<\/p><\/li><li data-section-id=\"4g66kv\" data-start=\"982\" data-end=\"1028\"><p data-start=\"984\" data-end=\"1028\">sadr\u017eaj poruke poslane putem kontakt forme<\/p><\/li><li data-section-id=\"1ljhffl\" data-start=\"1029\" data-end=\"1073\"><p data-start=\"1031\" data-end=\"1073\">tehni\u010dke podatke o kori\u0161tenju web stranice<\/p><\/li><\/ul><p data-start=\"1075\" data-end=\"1195\">Ovi podaci se prikupljaju samo kada ih korisnik dobrovoljno dostavi putem kontakt forme ili komunikacije sa na\u0161im timom.<\/p>\t\t\t\t\t\t\t\t<\/div>\n\t\t\t\t<div class=\"elementor-element elementor-element-ea233ec elementor-widget elementor-widget-heading\" data-id=\"ea233ec\" data-element_type=\"widget\" data-e-type=\"widget\" data-widget_type=\"heading.default\">\n\t\t\t\t\t<h4 class=\"elementor-heading-title elementor-size-default\">3. Svrha prikupljanja podataka<\/h4>\t\t\t\t<\/div>\n\t\t\t\t<div class=\"elementor-element elementor-element-a6a0b4a elementor-widget elementor-widget-text-editor\" data-id=\"a6a0b4a\" data-element_type=\"widget\" data-e-type=\"widget\" data-widget_type=\"text-editor.default\">\n\t\t\t\t\t\t\t\t\t<p data-start=\"1238\" data-end=\"1296\">Prikupljene podatke koristimo isklju\u010divo u sljede\u0107e svrhe:<\/p><ul data-start=\"1298\" data-end=\"1523\"><li data-section-id=\"1mr6cql\" data-start=\"1298\" data-end=\"1332\"><p data-start=\"1300\" data-end=\"1332\">odgovaranje na upite korisnika<\/p><\/li><li data-section-id=\"1t7mj9h\" data-start=\"1333\" data-end=\"1382\"><p data-start=\"1335\" data-end=\"1382\">pru\u017eanje informacija o proizvodima i uslugama<\/p><\/li><li data-section-id=\"1ktdkml\" data-start=\"1383\" data-end=\"1415\"><p data-start=\"1385\" data-end=\"1415\">obradu zahtjeva ili narud\u017ebi<\/p><\/li><li data-section-id=\"7i8wm3\" data-start=\"1416\" data-end=\"1473\"><p data-start=\"1418\" data-end=\"1473\">pobolj\u0161anje funkcionalnosti i sigurnosti web stranice<\/p><\/li><li data-section-id=\"1oyhdiv\" data-start=\"1474\" data-end=\"1523\"><p data-start=\"1476\" data-end=\"1523\">komunikaciju sa korisnicima kada je to potrebno<\/p><\/li><\/ul><p data-start=\"1525\" data-end=\"1613\">KM Trade ne\u0107e koristiti li\u010dne podatke u druge svrhe bez prethodne saglasnosti korisnika.<\/p>\t\t\t\t\t\t\t\t<\/div>\n\t\t\t\t<div class=\"elementor-element elementor-element-7b4ea27 elementor-widget elementor-widget-heading\" data-id=\"7b4ea27\" data-element_type=\"widget\" data-e-type=\"widget\" data-widget_type=\"heading.default\">\n\t\t\t\t\t<h4 class=\"elementor-heading-title elementor-size-default\">4. Dijeljenje podataka<\/h4>\t\t\t\t<\/div>\n\t\t\t\t<div class=\"elementor-element elementor-element-539c14f elementor-widget elementor-widget-text-editor\" data-id=\"539c14f\" data-element_type=\"widget\" data-e-type=\"widget\" data-widget_type=\"text-editor.default\">\n\t\t\t\t\t\t\t\t\t<p data-start=\"1648\" data-end=\"1739\">KM Trade ne prodaje, ne iznajmljuje niti dijeli li\u010dne podatke korisnika sa tre\u0107im stranama.<\/p><p data-start=\"1741\" data-end=\"1812\">Podaci mogu biti dostupni tre\u0107im stranama samo u sljede\u0107im slu\u010dajevima:<\/p><ul data-start=\"1814\" data-end=\"2012\"><li data-section-id=\"16vtcsi\" data-start=\"1814\" data-end=\"1877\"><p data-start=\"1816\" data-end=\"1877\">kada je to potrebno za tehni\u010dko funkcionisanje web stranice<\/p><\/li><li data-section-id=\"1nk1eii\" data-start=\"1878\" data-end=\"1945\"><p data-start=\"1880\" data-end=\"1945\">kada to zahtijevaju nadle\u017eni dr\u017eavni organi u skladu sa zakonom<\/p><\/li><li data-section-id=\"15p39kx\" data-start=\"1946\" data-end=\"2012\"><p data-start=\"1948\" data-end=\"2012\">kada je to neophodno radi za\u0161tite prava ili sigurnosti korisnika<\/p><\/li><\/ul>\t\t\t\t\t\t\t\t<\/div>\n\t\t\t\t<div class=\"elementor-element elementor-element-4e9ca66 elementor-widget elementor-widget-heading\" data-id=\"4e9ca66\" data-element_type=\"widget\" data-e-type=\"widget\" data-widget_type=\"heading.default\">\n\t\t\t\t\t<h4 class=\"elementor-heading-title elementor-size-default\">5. Sigurnost podataka<\/h4>\t\t\t\t<\/div>\n\t\t\t\t<div class=\"elementor-element elementor-element-ba3ad98 elementor-widget elementor-widget-text-editor\" data-id=\"ba3ad98\" data-element_type=\"widget\" data-e-type=\"widget\" data-widget_type=\"text-editor.default\">\n\t\t\t\t\t\t\t\t\t<p data-start=\"2046\" data-end=\"2152\">KM Trade poduzima odgovaraju\u0107e tehni\u010dke i organizacione mjere kako bi za\u0161titio li\u010dne podatke korisnika od:<\/p><ul data-start=\"2154\" data-end=\"2258\"><li data-section-id=\"ogddl5\" data-start=\"2154\" data-end=\"2179\"><p data-start=\"2156\" data-end=\"2179\">neovla\u0161tenog pristupa<\/p><\/li><li data-section-id=\"138u9fu\" data-start=\"2180\" data-end=\"2200\"><p data-start=\"2182\" data-end=\"2200\">gubitka podataka<\/p><\/li><li data-section-id=\"1a7qy2i\" data-start=\"2201\" data-end=\"2225\"><p data-start=\"2203\" data-end=\"2225\">zloupotrebe podataka<\/p><\/li><li data-section-id=\"1sr0470\" data-start=\"2226\" data-end=\"2258\"><p data-start=\"2228\" data-end=\"2258\">izmjene ili uni\u0161tenja podataka<\/p><\/li><\/ul><p data-start=\"2260\" data-end=\"2363\">Iako koristimo sigurnosne mjere, prijenos podataka putem interneta nikada ne mo\u017ee biti potpuno siguran.<\/p>\t\t\t\t\t\t\t\t<\/div>\n\t\t\t\t<div class=\"elementor-element elementor-element-244c637 elementor-widget elementor-widget-heading\" data-id=\"244c637\" data-element_type=\"widget\" data-e-type=\"widget\" data-widget_type=\"heading.default\">\n\t\t\t\t\t<h4 class=\"elementor-heading-title elementor-size-default\">6. Kola\u010di\u0107i (Cookies)<\/h4>\t\t\t\t<\/div>\n\t\t\t\t<div class=\"elementor-element elementor-element-4c37a93 elementor-widget elementor-widget-text-editor\" data-id=\"4c37a93\" data-element_type=\"widget\" data-e-type=\"widget\" data-widget_type=\"text-editor.default\">\n\t\t\t\t\t\t\t\t\t<p data-start=\"2397\" data-end=\"2538\">Web stranica mo\u017ee koristiti kola\u010di\u0107e (cookies) kako bi pobolj\u0161ala korisni\u010dko iskustvo i omogu\u0107ila pravilno funkcionisanje odre\u0111enih funkcija.<\/p><p data-start=\"2540\" data-end=\"2646\">Kola\u010di\u0107i su male tekstualne datoteke koje se pohranjuju na ure\u0111aj korisnika prilikom posjete web stranici.<\/p><p data-start=\"2648\" data-end=\"2754\">Korisnici mogu u svakom trenutku onemogu\u0107iti kori\u0161tenje kola\u010di\u0107a putem postavki svog internet preglednika.<\/p>\t\t\t\t\t\t\t\t<\/div>\n\t\t\t\t<div class=\"elementor-element elementor-element-4d12286 elementor-widget elementor-widget-heading\" data-id=\"4d12286\" data-element_type=\"widget\" data-e-type=\"widget\" data-widget_type=\"heading.default\">\n\t\t\t\t\t<h4 class=\"elementor-heading-title elementor-size-default\">7. Eksterni linkovi<\/h4>\t\t\t\t<\/div>\n\t\t\t\t<div class=\"elementor-element elementor-element-b48e218 elementor-widget elementor-widget-text-editor\" data-id=\"b48e218\" data-element_type=\"widget\" data-e-type=\"widget\" data-widget_type=\"text-editor.default\">\n\t\t\t\t\t\t\t\t\t<p data-start=\"2786\" data-end=\"2861\">Na\u0161a web stranica mo\u017ee sadr\u017eavati linkove prema drugim internet stranicama.<\/p><p data-start=\"2863\" data-end=\"2944\">KM Trade nije odgovoran za sadr\u017eaj niti za politiku privatnosti tih web stranica.<\/p><p data-start=\"2946\" data-end=\"3041\">Preporu\u010dujemo korisnicima da pregledaju politike privatnosti svake web stranice koju posje\u0107uju.<\/p>\t\t\t\t\t\t\t\t<\/div>\n\t\t\t\t<div class=\"elementor-element elementor-element-b411f65 elementor-widget elementor-widget-heading\" data-id=\"b411f65\" data-element_type=\"widget\" data-e-type=\"widget\" data-widget_type=\"heading.default\">\n\t\t\t\t\t<h4 class=\"elementor-heading-title elementor-size-default\">8. Prava korisnika<\/h4>\t\t\t\t<\/div>\n\t\t\t\t<div class=\"elementor-element elementor-element-56102e3 elementor-widget elementor-widget-text-editor\" data-id=\"56102e3\" data-element_type=\"widget\" data-e-type=\"widget\" data-widget_type=\"text-editor.default\">\n\t\t\t\t\t\t\t\t\t<p data-start=\"3072\" data-end=\"3097\">Korisnici imaju pravo da:<\/p><ul data-start=\"3099\" data-end=\"3251\"><li data-section-id=\"mieae4\" data-start=\"3099\" data-end=\"3141\"><p data-start=\"3101\" data-end=\"3141\">zatra\u017ee pristup svojim li\u010dnim podacima<\/p><\/li><li data-section-id=\"1177ibr\" data-start=\"3142\" data-end=\"3180\"><p data-start=\"3144\" data-end=\"3180\">zatra\u017ee ispravku neta\u010dnih podataka<\/p><\/li><li data-section-id=\"d4t9z5\" data-start=\"3181\" data-end=\"3217\"><p data-start=\"3183\" data-end=\"3217\">zatra\u017ee brisanje svojih podataka<\/p><\/li><li data-section-id=\"1ts0453\" data-start=\"3218\" data-end=\"3251\"><p data-start=\"3220\" data-end=\"3251\">ograni\u010de obradu svojih podataka<\/p><\/li><\/ul><p data-start=\"3253\" data-end=\"3380\">Za ostvarivanje ovih prava korisnici mogu kontaktirati KM Trade putem kontakt forme ili e-mail adrese navedene na web stranici.<\/p>\t\t\t\t\t\t\t\t<\/div>\n\t\t\t\t<div class=\"elementor-element elementor-element-04aa249 elementor-widget elementor-widget-heading\" data-id=\"04aa249\" data-element_type=\"widget\" data-e-type=\"widget\" data-widget_type=\"heading.default\">\n\t\t\t\t\t<h4 class=\"elementor-heading-title elementor-size-default\">9. Promjene politike privatnosti<\/h4>\t\t\t\t<\/div>\n\t\t\t\t<div class=\"elementor-element elementor-element-15ca60c elementor-widget elementor-widget-text-editor\" data-id=\"15ca60c\" data-element_type=\"widget\" data-e-type=\"widget\" data-widget_type=\"text-editor.default\">\n\t\t\t\t\t\t\t\t\t<p data-start=\"3425\" data-end=\"3504\">KM Trade zadr\u017eava pravo izmjene ove Politike privatnosti u bilo kojem trenutku.<\/p><p data-start=\"3506\" data-end=\"3592\">Sve promjene bit \u0107e objavljene na ovoj stranici i stupaju na snagu odmah nakon objave.<\/p>\t\t\t\t\t\t\t\t<\/div>\n\t\t\t\t<div class=\"elementor-element elementor-element-63f1cc5 elementor-widget elementor-widget-heading\" data-id=\"63f1cc5\" data-element_type=\"widget\" data-e-type=\"widget\" data-widget_type=\"heading.default\">\n\t\t\t\t\t<h4 class=\"elementor-heading-title elementor-size-default\">10. Kontakt<\/h4>\t\t\t\t<\/div>\n\t\t\t\t<div class=\"elementor-element elementor-element-15f4d47 elementor-widget elementor-widget-text-editor\" data-id=\"15f4d47\" data-element_type=\"widget\" data-e-type=\"widget\" data-widget_type=\"text-editor.default\">\n\t\t\t\t\t\t\t\t\t<p data-start=\"4003\" data-end=\"4070\">Ako imate pitanja vezana za za\u0161titu privatnosti ili obradu va\u0161ih podataka, mo\u017eete nas kontaktirati putem kontakt forme ili putem e-mail adrese navedene na web stranici.<\/p>\t\t\t\t\t\t\t\t<\/div>\n\t\t\t\t<\/div>\n\t\t\t\t<\/div>\n\t\t","protected":false},"excerpt":{"rendered":"<p>Po\u010detna \/ Blog \/ Parent Category \/ Category \/ Page Title KM TRADE POLITIKA PRIVATNOSTI 1. Op\u0107e informacije KM Trade po\u0161tuje privatnost svojih korisnika i obavezuje se da \u0107e \u0161tititi li\u010dne podatke koji se prikupljaju putem ove web stranice. Ova Politika privatnosti obja\u0161njava na koji na\u010din prikupljamo, koristimo i \u0161titimo li\u010dne podatke korisnika koji posje\u0107uju [&hellip;]<\/p>\n","protected":false},"author":1,"featured_media":0,"parent":0,"menu_order":0,"comment_status":"closed","ping_status":"closed","template":"elementor_header_footer","meta":{"_acf_changed":false,"footnotes":""},"class_list":["post-4798","page","type-page","status-publish","hentry"],"acf":[],"_links":{"self":[{"href":"https:\/\/km-trade.ba\/en\/wp-json\/wp\/v2\/pages\/4798","targetHints":{"allow":["GET"]}}],"collection":[{"href":"https:\/\/km-trade.ba\/en\/wp-json\/wp\/v2\/pages"}],"about":[{"href":"https:\/\/km-trade.ba\/en\/wp-json\/wp\/v2\/types\/page"}],"author":[{"embeddable":true,"href":"https:\/\/km-trade.ba\/en\/wp-json\/wp\/v2\/users\/1"}],"replies":[{"embeddable":true,"href":"https:\/\/km-trade.ba\/en\/wp-json\/wp\/v2\/comments?post=4798"}],"version-history":[{"count":19,"href":"https:\/\/km-trade.ba\/en\/wp-json\/wp\/v2\/pages\/4798\/revisions"}],"predecessor-version":[{"id":4893,"href":"https:\/\/km-trade.ba\/en\/wp-json\/wp\/v2\/pages\/4798\/revisions\/4893"}],"wp:attachment":[{"href":"https:\/\/km-trade.ba\/en\/wp-json\/wp\/v2\/media?parent=4798"}],"curies":[{"name":"wp","href":"https:\/\/api.w.org\/{rel}","templated":true}]}}